{"id":101,"date":"2025-11-16T18:06:03","date_gmt":"2025-11-16T17:06:03","guid":{"rendered":"https:\/\/cptv.fr\/?page_id=101"},"modified":"2026-05-11T13:29:05","modified_gmt":"2026-05-11T11:29:05","slug":"reinfo","status":"publish","type":"page","link":"https:\/\/cptv.fr\/index.php\/reinfo\/","title":{"rendered":"R\u00e9info"},"content":{"rendered":"\n<figure class=\"wp-block-image size-full is-resized\"><img loading=\"lazy\" decoding=\"async\" width=\"860\" height=\"430\" src=\"https:\/\/cptv.fr\/wp-content\/uploads\/2025\/11\/reinfo-colelctifs-1024x512-1.webp\" alt=\"\" class=\"wp-image-103\" style=\"width:407px;height:204px\" srcset=\"https:\/\/cptv.fr\/wp-content\/uploads\/2025\/11\/reinfo-colelctifs-1024x512-1.webp 860w, https:\/\/cptv.fr\/wp-content\/uploads\/2025\/11\/reinfo-colelctifs-1024x512-1-300x150.webp 300w, https:\/\/cptv.fr\/wp-content\/uploads\/2025\/11\/reinfo-colelctifs-1024x512-1-768x384.webp 768w\" sizes=\"auto, (max-width: 706px) 89vw, (max-width: 767px) 82vw, 740px\" \/><\/figure>\n\n\n\n<p>Le Collectif Pour Tous est membre de \u201cReinfo les collectifs\u201d<br>Pr\u00e9sentation des Collectifs R\u00e9info<br>Des citoyens b\u00e9n\u00e9voles regroup\u00e9s en collectifs apartisans et la\u00efques, dans toute la France et de par le monde (plus de 280 cr\u00e9es depuis 2021 sous l\u2019impulsion de Reinfocovid)<br>A l\u2019automne 2022, nous avons pris notre envol.<br>Notre mission&nbsp;: la mise en lien de toutes les personnes qui veulent agir, sortir de la peur, aller vers plus de souverainet\u00e9 et de courage, dans une posture de non-violence et de paix.<br>Cette mise en lien se fait notamment gr\u00e2ce aux&nbsp;outils d\u00e9velopp\u00e9s&nbsp;par les coordinateurs. Nous avons un site internet o\u00f9 l\u2019on peut retrouver&nbsp;:<br>\u2013 la localisation des diff\u00e9rentes antennes,<br>\u2013 un agenda partag\u00e9<br>\u2013 des vid\u00e9os de nos actions<br>\u2013 nos \u00ab&nbsp;p\u00e9pini\u00e8res&nbsp;\u00bb qui ont permis d\u2019essaimer de beaux projets dans toute la France,<br>\u2013 des flyers \u00e0 disposition<br>\u2013 un coin Pro<br>Nous utilisons aussi des canaux de diffusion de l\u2019information tels que T\u00e9l\u00e9gram et Twitter ainsi qu\u2019une NL mensuelle qui touche plus de 80&nbsp;000 personnes<br>Parmi nos actions, nous pouvons citer&nbsp;:<br>\u2013 Le soutien \u00e0 Louis Fouch\u00e9 et Amine Umlil lors de leur convocation face aux ordres. Cela a impliqu\u00e9 l\u2019organisation de manifestations de soutien \u00e0 Marseille et \u00e0 Paris et la constitution d\u2019une \u00e9quipe de recueil de CERFA pendant 3mois.<br>\u2013 L\u2019\u00e9laboration d\u2019un flyer sur le Gardasil, financ\u00e9 par Reinfo Libert\u00e9 et distribu\u00e9 \u00e0 50&nbsp;000 exemplaires<br>\u2013 Les \u00ab&nbsp;Rencontres internationales citoyennes sur les effets ind\u00e9sirables&nbsp;\u00bb \u00e0 Vierzon<br>\u2013 Les \u00ab&nbsp;Foisonnantes&nbsp;\u00bb, dans le 04, pour cr\u00e9er le monde de demain<br>\u2013 Une lettre mensuelle d\u2019information cr\u00e9e par l\u2019\u00e9quipe de l\u2019Ain (01)<br>\u2013 Les rencontres citoyennes \u00e0 Massy (91)<br>\u2013 Les paniers solidaires pour les soignants suspendus (05)<br>\u2013 Des ateliers d\u2019aide \u00e0 la r\u00e9insertion (84)<br>\u2013 Et beaucoup d\u2019autres que vous pouvez retrouver sur notre site<br>Des associations ont \u00e9galement \u00e9merg\u00e9&nbsp;:<br>\u00ab&nbsp;Cher \u00e0 tout c\u0153ur&nbsp;\u00bb (18), Oasis Pleine Sant\u00e9 (04), SOS (Solidarit\u00e9 objectif Sant\u00e9 \u2013 06), Une N\u00f4tre Sant\u00e9 (UNS) dans plusieurs d\u00e9partements (06, 69, 74),<br>Une antenne \u00e9galement (RIVA- 89) porte le projet en cours d\u2019un film de t\u00e9moignage sur leur collectif (\u00abLe C\u0153ur Souverain&nbsp;\u00bb).<br>La force de notre collectif&nbsp;est donc le maillage sur tout le territoire et \u00e0 l\u2019international et l\u2019essaimage de tous nos beaux projets.<br>&nbsp;<a href=\"https:\/\/collectifs.reinfoliberte.fr\/\">https:\/\/collectifs.reinfoliberte.fr\/<\/a><br><a href=\"https:\/\/reinfoliberte.fr\/\">https:\/\/reinfoliberte.fr\/<\/a><\/p>\n\n\n\n<figure class=\"wp-block-image size-full\"><img loading=\"lazy\" decoding=\"async\" width=\"300\" height=\"128\" src=\"https:\/\/cptv.fr\/wp-content\/uploads\/2025\/11\/Logo-Reinfo-liberte-2.png\" alt=\"\" class=\"wp-image-102\"\/><\/figure>\n\n\n","protected":false},"excerpt":{"rendered":"<p>Le Collectif Pour Tous est membre de \u201cReinfo les collectifs\u201dPr\u00e9sentation des Collectifs R\u00e9infoDes citoyens b\u00e9n\u00e9voles regroup\u00e9s en collectifs apartisans et la\u00efques, dans toute la France et de par le monde &hellip; <\/p>\n<p class=\"link-more\"><a href=\"https:\/\/cptv.fr\/index.php\/reinfo\/\" class=\"more-link\">Continuer la lecture<span class=\"screen-reader-text\"> de &laquo;&nbsp;R\u00e9info&nbsp;&raquo;<\/span><\/a><\/p>\n","protected":false},"author":1,"featured_media":0,"parent":0,"menu_order":0,"comment_status":"closed","ping_status":"closed","template":"","meta":{"_uag_custom_page_level_css":"","footnotes":""},"class_list":["post-101","page","type-page","status-publish","hentry"],"uagb_featured_image_src":{"full":false,"thumbnail":false,"medium":false,"medium_large":false,"large":false,"1536x1536":false,"2048x2048":false,"twentyseventeen-featured-image":false,"twentyseventeen-thumbnail-avatar":false},"uagb_author_info":{"display_name":"Alex","author_link":"https:\/\/cptv.fr\/index.php\/author\/alex\/"},"uagb_comment_info":0,"uagb_excerpt":"Le Collectif Pour Tous est membre de \u201cReinfo les collectifs\u201dPr\u00e9sentation des Collectifs R\u00e9infoDes citoyens b\u00e9n\u00e9voles regroup\u00e9s en collectifs apartisans et la\u00efques, dans toute la France et de par le monde &hellip; Continuer la lecture de &laquo;&nbsp;R\u00e9info&nbsp;&raquo;","_links":{"self":[{"href":"https:\/\/cptv.fr\/index.php\/wp-json\/wp\/v2\/pages\/101","targetHints":{"allow":["GET"]}}],"collection":[{"href":"https:\/\/cptv.fr\/index.php\/wp-json\/wp\/v2\/pages"}],"about":[{"href":"https:\/\/cptv.fr\/index.php\/wp-json\/wp\/v2\/types\/page"}],"author":[{"embeddable":true,"href":"https:\/\/cptv.fr\/index.php\/wp-json\/wp\/v2\/users\/1"}],"replies":[{"embeddable":true,"href":"https:\/\/cptv.fr\/index.php\/wp-json\/wp\/v2\/comments?post=101"}],"version-history":[{"count":4,"href":"https:\/\/cptv.fr\/index.php\/wp-json\/wp\/v2\/pages\/101\/revisions"}],"predecessor-version":[{"id":522,"href":"https:\/\/cptv.fr\/index.php\/wp-json\/wp\/v2\/pages\/101\/revisions\/522"}],"wp:attachment":[{"href":"https:\/\/cptv.fr\/index.php\/wp-json\/wp\/v2\/media?parent=101"}],"curies":[{"name":"wp","href":"https:\/\/api.w.org\/{rel}","templated":true}]}}