{"id":105,"date":"2025-11-16T18:11:27","date_gmt":"2025-11-16T17:11:27","guid":{"rendered":"https:\/\/cptv.fr\/?page_id=105"},"modified":"2025-11-20T16:58:14","modified_gmt":"2025-11-20T15:58:14","slug":"solaris","status":"publish","type":"page","link":"https:\/\/cptv.fr\/index.php\/solaris\/","title":{"rendered":"Solaris"},"content":{"rendered":"\n<figure class=\"wp-block-image size-full is-resized\"><img loading=\"lazy\" decoding=\"async\" src=\"https:\/\/cptv.fr\/wp-content\/uploads\/2025\/11\/solaris.png\" alt=\"\" class=\"wp-image-106\" width=\"439\" height=\"181\" srcset=\"https:\/\/cptv.fr\/wp-content\/uploads\/2025\/11\/solaris.png 838w, https:\/\/cptv.fr\/wp-content\/uploads\/2025\/11\/solaris-300x124.png 300w, https:\/\/cptv.fr\/wp-content\/uploads\/2025\/11\/solaris-768x316.png 768w\" sizes=\"auto, (max-width: 439px) 100vw, 439px\" \/><\/figure>\n\n\n\n<p>CELLULE LOCALE&nbsp;<br>Le r\u00e9seau SOLARIS France est un \u00ab Internet Humain \u00bb, un r\u00e9seau d\u2019entraide et de solidarit\u00e9 qui commence dans votre voisinage direct.<br>Il est bien s\u00fbr totalement gratuit. Il repr\u00e9sente le rassemblement d\u2019\u00eatres humains qui chacun, b\u00e9n\u00e9volement, agissent pour tous et qui ensemble, lorsque n\u00e9cessaire, agissent pour un.<br>Il fonctionne en arborescence au sein d\u2019un maillage physique de toutes les personnes qui s\u2019y joignent. Plus le maillage est \u00e9troit, mieux il fonctionne. Il d\u00e9bute donc tout autour de vous.<br>Dans les temps difficiles que nous vivons, il va permettre \u00e0 ce que personne ne demeure isol\u00e9 face \u00e0 ses probl\u00e8mes. Il apportera des r\u00e9ponses rapides et de proximit\u00e9 aux besoins de chacun. Il mettra en lien les hommes et renforcera ce lien, plus qu\u2019il ne l\u2019a jamais \u00e9t\u00e9.<br>Il se pourvoie de ses propres moyens de communication en cas de rupture des moyens traditionnels.<br>Il fonctionne organiquement gr\u00e2ce \u00e0 une bonne circulation de l\u2019information, sans hi\u00e9rarchie, sans chef.<br>Il arrive un moment o\u00f9 les questions que l\u2019on porte depuis toujours deviennent r\u00e9ponses. O\u00f9 le constat d\u2019un monde \u00e0 bout de souffle peut g\u00e9n\u00e9rer l\u2019\u00e9lan d\u2019un souffle nouveau.<br>\u00c0 l\u2019automne 2021, au c\u0153ur de la temp\u00eate Covid, Fr\u00e9d\u00e9ric Vidal, journaliste et chercheur, s\u00e8me une id\u00e9e: Solaris. Une graine simple et puissante, enrichie et d\u00e9velopp\u00e9e par l\u2019intelligence collective.<br>Et si, face \u00e0 l\u2019isolement, nous choisissions l\u2019entraide? Et si, face \u00e0 la catastrophe, nous prenions notre destin\u00e9e en main? Et si, face \u00e0 un avenir sombre, nous d\u00e9cidions d\u2019en cr\u00e9er un autre, lumineux?<br>Solaris na\u00eet comme un \u00e9lan de reliance: un r\u00e9seau citoyen bas\u00e9 sur la souverainet\u00e9 individuelle et collective, sans aucune hi\u00e9rarchie. Trois principes sont la base du concept Solaris: L\u2019entraide gratuite et locale bas\u00e9e sur un catalogue de comp\u00e9tences et ressources, le maillage du territoire et le syst\u00e8me de communication alternatif.<br>Pr\u00e9paration \u00e0 des temps difficiles, cr\u00e9ation de liens de voisinage directs, partage des savoirs, entra\u00eenement \u00e0 la r\u00e9silience, ateliers, potagers collectifs, mise en place d\u2019un r\u00e9seau radio civil efficace, entre autres, sont quelques-unes des r\u00e9alisations de Solaris.<br>Des synergies se cr\u00e9ent naturellement avec d\u2019autres acteurs solidaires et des ponts se tissent entre eux. Quelques 180\u2019000 personnes se sont empar\u00e9es de cette id\u00e9e pour cr\u00e9er des cellules dans tous les d\u00e9partements fran\u00e7ais et m\u00eame dans plusieurs pays du monde.<br>Quatre ans plus tard, certaines cellules sont toujours tr\u00e8s actives, d\u2019autres se sont un peu assoupies, la situation pouvant sembler moins critique. Elles peuvent cependant se r\u00e9activer si l\u2019urgence devait se d\u00e9clarer.<br>\u201cPas survivalistes, mais vivalistes\u201d \u2014 car l\u2019enjeu n\u2019est pas de survivre dans l\u2019ancien monde, mais de vivre pleinement dans l\u2019\u00e9mergent. Solaris encourage la pr\u00e9paration aux temps de crise pr\u00f4n\u00e9e, aujourd\u2019hui, m\u00eame par les gouvernements! Alors que beaucoup pressentent la fin d\u2019un cycle et les secousses d\u2019une m\u00e9tamorphose, Solaris propose d\u2019accueillir le changement \u00e0 venir sans peur, mais avec conscience et efficacit\u00e9.<br>En 2023, Fr\u00e9d\u00e9ric Vidal lance le Grand Appel, une invitation \u00e0 regarder la situation avec beaucoup d\u2019altitude en consid\u00e9rant plusieurs niveaux de r\u00e9alit\u00e9! Des graines sem\u00e9es dans les consciences: \u00abEt si c\u2019\u00e9tait \u00e0 nous, individus et collectifs, ici et maintenant, de b\u00e2tir ce qui vient?\u00bb. Sans violence mais avec bienveillance, dans la l\u00e9galit\u00e9 et la constitutionnalit\u00e9, un autre vivre-ensemble se pr\u00e9pare\u2026 et certains ont d\u00e9j\u00e0 les deux pieds dedans !<br><a href=\"https:\/\/solaris-france.org\">https:\/\/solaris-france.org<\/a><br><a href=\"https:\/\/www.youtube.com\/watch?v=HM1tOkDaBb0\">https:\/\/www.youtube.com\/watch?v=HM1tOkDaBb0<\/a><\/p>\n\n\n\n<figure class=\"wp-block-embed is-type-video is-provider-youtube wp-block-embed-youtube wp-embed-aspect-16-9 wp-has-aspect-ratio\"><div class=\"wp-block-embed__wrapper\">\n<iframe loading=\"lazy\" title=\"Solaris, r\u00e9seau d&#039;entraide d\u00e9centralis\u00e9 et bas\u00e9 sur l&#039;humain\" width=\"525\" height=\"295\" src=\"https:\/\/www.youtube.com\/embed\/HM1tOkDaBb0?feature=oembed\" frameborder=\"0\" allow=\"accelerometer; autoplay; clipboard-write; encrypted-media; gyroscope; picture-in-picture; web-share\" referrerpolicy=\"strict-origin-when-cross-origin\" allowfullscreen><\/iframe>\n<\/div><\/figure>\n\n\n\n<h2 class=\"wp-block-heading\">Contact<\/h2>\n\n\n<style id=\"wpforms-css-vars-153-block-fa491c52-7ae8-4237-8fc8-88909c739497\">\n\t\t\t\t#wpforms-153.wpforms-block-fa491c52-7ae8-4237-8fc8-88909c739497 {\n\t\t\t\t--wpforms-field-background-color: var(--ast-global-color-7);\n--wpforms-field-size-input-height: 43px;\n--wpforms-field-size-input-spacing: 15px;\n--wpforms-field-size-font-size: 16px;\n--wpforms-field-size-line-height: 19px;\n--wpforms-field-size-padding-h: 14px;\n--wpforms-field-size-checkbox-size: 16px;\n--wpforms-field-size-sublabel-spacing: 5px;\n--wpforms-field-size-icon-size: 1;\n--wpforms-label-size-font-size: 16px;\n--wpforms-label-size-line-height: 19px;\n--wpforms-label-size-sublabel-font-size: 14px;\n--wpforms-label-size-sublabel-line-height: 17px;\n--wpforms-button-size-font-size: 17px;\n--wpforms-button-size-height: 41px;\n--wpforms-button-size-padding-h: 15px;\n--wpforms-button-size-margin-top: 10px;\n\t\t\t}\n\t\t\t<\/style>","protected":false},"excerpt":{"rendered":"<p>CELLULE LOCALE&nbsp;Le r\u00e9seau SOLARIS France est un \u00ab Internet Humain \u00bb, un r\u00e9seau d\u2019entraide et de solidarit\u00e9 qui commence dans votre voisinage direct.Il est bien s\u00fbr totalement gratuit. Il repr\u00e9sente &hellip; <\/p>\n<p class=\"link-more\"><a href=\"https:\/\/cptv.fr\/index.php\/solaris\/\" class=\"more-link\">Continuer la lecture<span class=\"screen-reader-text\"> de &laquo;&nbsp;Solaris&nbsp;&raquo;<\/span><\/a><\/p>\n","protected":false},"author":1,"featured_media":0,"parent":0,"menu_order":0,"comment_status":"closed","ping_status":"closed","template":"","meta":{"_uag_custom_page_level_css":"","footnotes":""},"class_list":["post-105","page","type-page","status-publish","hentry"],"uagb_featured_image_src":{"full":false,"thumbnail":false,"medium":false,"medium_large":false,"large":false,"1536x1536":false,"2048x2048":false,"twentyseventeen-featured-image":false,"twentyseventeen-thumbnail-avatar":false},"uagb_author_info":{"display_name":"Alex","author_link":"https:\/\/cptv.fr\/index.php\/author\/alex\/"},"uagb_comment_info":0,"uagb_excerpt":"CELLULE LOCALE&nbsp;Le r\u00e9seau SOLARIS France est un \u00ab Internet Humain \u00bb, un r\u00e9seau d\u2019entraide et de solidarit\u00e9 qui commence dans votre voisinage direct.Il est bien s\u00fbr totalement gratuit. Il repr\u00e9sente &hellip; Continuer la lecture de &laquo;&nbsp;Solaris&nbsp;&raquo;","_links":{"self":[{"href":"https:\/\/cptv.fr\/index.php\/wp-json\/wp\/v2\/pages\/105","targetHints":{"allow":["GET"]}}],"collection":[{"href":"https:\/\/cptv.fr\/index.php\/wp-json\/wp\/v2\/pages"}],"about":[{"href":"https:\/\/cptv.fr\/index.php\/wp-json\/wp\/v2\/types\/page"}],"author":[{"embeddable":true,"href":"https:\/\/cptv.fr\/index.php\/wp-json\/wp\/v2\/users\/1"}],"replies":[{"embeddable":true,"href":"https:\/\/cptv.fr\/index.php\/wp-json\/wp\/v2\/comments?post=105"}],"version-history":[{"count":2,"href":"https:\/\/cptv.fr\/index.php\/wp-json\/wp\/v2\/pages\/105\/revisions"}],"predecessor-version":[{"id":361,"href":"https:\/\/cptv.fr\/index.php\/wp-json\/wp\/v2\/pages\/105\/revisions\/361"}],"wp:attachment":[{"href":"https:\/\/cptv.fr\/index.php\/wp-json\/wp\/v2\/media?parent=105"}],"curies":[{"name":"wp","href":"https:\/\/api.w.org\/{rel}","templated":true}]}}