{"id":48,"date":"2025-11-16T10:36:08","date_gmt":"2025-11-16T09:36:08","guid":{"rendered":"https:\/\/cptv.fr\/?page_id=48"},"modified":"2026-05-11T13:25:59","modified_gmt":"2026-05-11T11:25:59","slug":"le-collectif","status":"publish","type":"page","link":"https:\/\/cptv.fr\/index.php\/le-collectif\/","title":{"rendered":"Le collectif"},"content":{"rendered":"\n<p>Bienvenue \u00e0 tous<br>Nous pensons que&nbsp;notre monde se construit ici et maintenant, dans la solidarit\u00e9, le partage et la conscience.<br>Ce site est un outil pour&nbsp;se mettre en lien, partager nos informations et faciliter nos \u00e9changes. D\u00e9caler son regard, prendre de la hauteur, se r\u00e9inventer, entreprendre, conna\u00eetre ses droits, les lois et ses moyens d\u2019action.<br>Il nous appartient de reprendre notre souverainet\u00e9, de retrouver notre int\u00e9grit\u00e9, car il n\u2019y aura pas d\u2019autre monde que celui que nous nous construirons ensemble.<br>Retrouvons notre discernement, notre libert\u00e9 de pens\u00e9e, d\u2019expression et d\u2019action !&nbsp;Retrouvons la richesse du lien humain, du vivre ensemble.<br>R\u00e9-informons nous, d\u00e9fendons nos libert\u00e9s, l\u2019avenir de nos enfants, et co-cr\u00e9ons le nouveau monde ensemble.<br>Le temps est venu de reprendre notre pouvoir d\u2019action : nous sommes les essentiels. Nous sommes celles et ceux que nous attendions.&nbsp;Nous sommes nombreux, unissons-nous, \u00e9levons-nous, soutenons-nous !<\/p>\n\n\n\n<p>Qui sommes nous ?<br>Un collectif de&nbsp;plus de 400 citoyens&nbsp;d\u00e9cid\u00e9s \u00e0 co-cr\u00e9er ensemble un autre monde. Un nouveau monde, hors des sentiers battus et des illusions vendues par nos \u00ab \u00e9lites\u00bb.<br>Artisans, ouvriers, soignants, entrepreneurs, paysans, avocats, retrait\u00e9s, \u00e9tudiants, artistes, scientifiques, professeurs\u2026 nous sommes des humains de bonne volont\u00e9, sans \u00e9tiquette politique, simplement&nbsp;d\u00e9cid\u00e9s \u00e0 agir face \u00e0 un monde dans lequel nous ne nous reconnaissons plus.<br>Nous \u0153uvrons concr\u00e8tement et au quotidien, avec confiance, patience et pers\u00e9v\u00e9rance. Tous diff\u00e9rents, mais tous reli\u00e9s et unis par une raison d\u2019\u00eatre commune :&nbsp;d\u00e9velopper l\u2019Humanit\u00e9 et l\u2019Amour, en soi et autour de soi.<\/p>\n\n\n<iframe loading=\"lazy\" class=\"embed-pdf-viewer\" src=\"https:\/\/cptv.fr\/wp-content\/uploads\/2025\/11\/Charte-ethique-et-de-fonctionnement-version-finale-du-4Juillet-20227530.pdf\" height=\"600\" width=\"600\" title=\"Charte-ethique-et-de-fonctionnement-version-finale-du-4Juillet-20227530\"><\/iframe>\n\n\n<figure class=\"wp-block-image size-large\"><img loading=\"lazy\" decoding=\"async\" width=\"1024\" height=\"683\" src=\"https:\/\/cptv.fr\/wp-content\/uploads\/2025\/11\/P1030882-1024x683.jpg\" alt=\"\" class=\"wp-image-295\" srcset=\"https:\/\/cptv.fr\/wp-content\/uploads\/2025\/11\/P1030882-1024x683.jpg 1024w, https:\/\/cptv.fr\/wp-content\/uploads\/2025\/11\/P1030882-300x200.jpg 300w, https:\/\/cptv.fr\/wp-content\/uploads\/2025\/11\/P1030882-768x512.jpg 768w, https:\/\/cptv.fr\/wp-content\/uploads\/2025\/11\/P1030882-1536x1024.jpg 1536w, https:\/\/cptv.fr\/wp-content\/uploads\/2025\/11\/P1030882-2048x1365.jpg 2048w\" sizes=\"auto, (max-width: 706px) 89vw, (max-width: 767px) 82vw, 740px\" \/><\/figure>\n\n\n\n<figure class=\"wp-block-image size-large\"><img loading=\"lazy\" decoding=\"async\" width=\"1024\" height=\"803\" src=\"https:\/\/cptv.fr\/wp-content\/uploads\/2025\/11\/P1030888-1024x803.jpg\" alt=\"\" class=\"wp-image-296\" srcset=\"https:\/\/cptv.fr\/wp-content\/uploads\/2025\/11\/P1030888-1024x803.jpg 1024w, https:\/\/cptv.fr\/wp-content\/uploads\/2025\/11\/P1030888-300x235.jpg 300w, https:\/\/cptv.fr\/wp-content\/uploads\/2025\/11\/P1030888-768x602.jpg 768w, https:\/\/cptv.fr\/wp-content\/uploads\/2025\/11\/P1030888-1536x1204.jpg 1536w, https:\/\/cptv.fr\/wp-content\/uploads\/2025\/11\/P1030888-2048x1606.jpg 2048w\" sizes=\"auto, (max-width: 706px) 89vw, (max-width: 767px) 82vw, 740px\" \/><\/figure>\n","protected":false},"excerpt":{"rendered":"<p>Bienvenue \u00e0 tousNous pensons que&nbsp;notre monde se construit ici et maintenant, dans la solidarit\u00e9, le partage et la conscience.Ce site est un outil pour&nbsp;se mettre en lien, partager nos informations &hellip; <\/p>\n<p class=\"link-more\"><a href=\"https:\/\/cptv.fr\/index.php\/le-collectif\/\" class=\"more-link\">Continuer la lecture<span class=\"screen-reader-text\"> de &laquo;&nbsp;Le collectif&nbsp;&raquo;<\/span><\/a><\/p>\n","protected":false},"author":1,"featured_media":0,"parent":0,"menu_order":0,"comment_status":"closed","ping_status":"closed","template":"","meta":{"_uag_custom_page_level_css":"","footnotes":""},"class_list":["post-48","page","type-page","status-publish","hentry"],"uagb_featured_image_src":{"full":false,"thumbnail":false,"medium":false,"medium_large":false,"large":false,"1536x1536":false,"2048x2048":false,"twentyseventeen-featured-image":false,"twentyseventeen-thumbnail-avatar":false},"uagb_author_info":{"display_name":"Alex","author_link":"https:\/\/cptv.fr\/index.php\/author\/alex\/"},"uagb_comment_info":0,"uagb_excerpt":"Bienvenue \u00e0 tousNous pensons que&nbsp;notre monde se construit ici et maintenant, dans la solidarit\u00e9, le partage et la conscience.Ce site est un outil pour&nbsp;se mettre en lien, partager nos informations &hellip; Continuer la lecture de &laquo;&nbsp;Le collectif&nbsp;&raquo;","_links":{"self":[{"href":"https:\/\/cptv.fr\/index.php\/wp-json\/wp\/v2\/pages\/48","targetHints":{"allow":["GET"]}}],"collection":[{"href":"https:\/\/cptv.fr\/index.php\/wp-json\/wp\/v2\/pages"}],"about":[{"href":"https:\/\/cptv.fr\/index.php\/wp-json\/wp\/v2\/types\/page"}],"author":[{"embeddable":true,"href":"https:\/\/cptv.fr\/index.php\/wp-json\/wp\/v2\/users\/1"}],"replies":[{"embeddable":true,"href":"https:\/\/cptv.fr\/index.php\/wp-json\/wp\/v2\/comments?post=48"}],"version-history":[{"count":11,"href":"https:\/\/cptv.fr\/index.php\/wp-json\/wp\/v2\/pages\/48\/revisions"}],"predecessor-version":[{"id":519,"href":"https:\/\/cptv.fr\/index.php\/wp-json\/wp\/v2\/pages\/48\/revisions\/519"}],"wp:attachment":[{"href":"https:\/\/cptv.fr\/index.php\/wp-json\/wp\/v2\/media?parent=48"}],"curies":[{"name":"wp","href":"https:\/\/api.w.org\/{rel}","templated":true}]}}