{"id":56,"date":"2025-11-16T10:49:43","date_gmt":"2025-11-16T09:49:43","guid":{"rendered":"https:\/\/cptv.fr\/?page_id=56"},"modified":"2026-05-11T16:16:59","modified_gmt":"2026-05-11T14:16:59","slug":"action","status":"publish","type":"page","link":"https:\/\/cptv.fr\/index.php\/action\/","title":{"rendered":"Action"},"content":{"rendered":"\n<figure class=\"wp-block-image size-large is-resized\"><img loading=\"lazy\" decoding=\"async\" width=\"1024\" height=\"683\" src=\"https:\/\/cptv.fr\/wp-content\/uploads\/2025\/11\/acton-1024x683.jpg\" alt=\"\" class=\"wp-image-58\" style=\"width:301px;height:201px\" srcset=\"https:\/\/cptv.fr\/wp-content\/uploads\/2025\/11\/acton-1024x683.jpg 1024w, https:\/\/cptv.fr\/wp-content\/uploads\/2025\/11\/acton-300x200.jpg 300w, https:\/\/cptv.fr\/wp-content\/uploads\/2025\/11\/acton-768x512.jpg 768w, https:\/\/cptv.fr\/wp-content\/uploads\/2025\/11\/acton-1536x1024.jpg 1536w, https:\/\/cptv.fr\/wp-content\/uploads\/2025\/11\/acton-2048x1365.jpg 2048w\" sizes=\"auto, (max-width: 706px) 89vw, (max-width: 767px) 82vw, 740px\" \/><\/figure>\n\n\n\n<p>Le groupe action s\u2019est fix\u00e9 plusieurs objectifs depuis la \u201ccrise sanitaire\u201d :<br>-Sensibiliser les autorit\u00e9s locales aux discriminations qui ont fragilis\u00e9s de nombreuses personnes (enfants, soignants, parents\u2026) et aux atteintes aux libert\u00e9s flagrantes<br>-Sensibilser le public \u00e0 ces m\u00eames probl\u00e8mes lors d\u2019action de terrain<br>-Volont\u00e9 affich\u00e9e de r\u00e9instaurer le dialogue dans notre soci\u00e9t\u00e9 en allant au devant du public et des m\u00e9dias<br>Toutes autres actions relevant de la d\u00e9sob\u00e9issance civile plus ou moins autoris\u00e9es qui auraient \u00e9t\u00e9 attribu\u00e9es \u00e0 ce groupe ne rel\u00e8vent bien \u00e9videmment que de la pure fiction\u2026<\/p>\n\n\n\n<figure style=\"margin-top:var(--wp--preset--spacing--60);margin-right:var(--wp--preset--spacing--60);margin-bottom:var(--wp--preset--spacing--60);margin-left:var(--wp--preset--spacing--60);padding-top:var(--wp--preset--spacing--60);padding-right:var(--wp--preset--spacing--60);padding-bottom:var(--wp--preset--spacing--60);padding-left:var(--wp--preset--spacing--60)\" class=\"wp-block-video\"><video height=\"1080\" style=\"aspect-ratio: 1920 \/ 1080;\" width=\"1920\" controls src=\"https:\/\/cptv.fr\/wp-content\/uploads\/2025\/11\/VID_20211002_150050.mp4\"><\/video><\/figure>\n\n\n\n<h2 class=\"wp-block-heading\"><strong><a href=\"mailto:lardennais@protonmail.com\">Nous contacter<\/a><\/strong><\/h2>\n\n\n\n<p><\/p>\n","protected":false},"excerpt":{"rendered":"<p>Le groupe action s\u2019est fix\u00e9 plusieurs objectifs depuis la \u201ccrise sanitaire\u201d :-Sensibiliser les autorit\u00e9s locales aux discriminations qui ont fragilis\u00e9s de nombreuses personnes (enfants, soignants, parents\u2026) et aux atteintes aux &hellip; <\/p>\n<p class=\"link-more\"><a href=\"https:\/\/cptv.fr\/index.php\/action\/\" class=\"more-link\">Continuer la lecture<span class=\"screen-reader-text\"> de &laquo;&nbsp;Action&nbsp;&raquo;<\/span><\/a><\/p>\n","protected":false},"author":1,"featured_media":0,"parent":0,"menu_order":0,"comment_status":"closed","ping_status":"closed","template":"","meta":{"_uag_custom_page_level_css":"","footnotes":""},"class_list":["post-56","page","type-page","status-publish","hentry"],"uagb_featured_image_src":{"full":false,"thumbnail":false,"medium":false,"medium_large":false,"large":false,"1536x1536":false,"2048x2048":false,"twentyseventeen-featured-image":false,"twentyseventeen-thumbnail-avatar":false},"uagb_author_info":{"display_name":"Alex","author_link":"https:\/\/cptv.fr\/index.php\/author\/alex\/"},"uagb_comment_info":0,"uagb_excerpt":"Le groupe action s\u2019est fix\u00e9 plusieurs objectifs depuis la \u201ccrise sanitaire\u201d :-Sensibiliser les autorit\u00e9s locales aux discriminations qui ont fragilis\u00e9s de nombreuses personnes (enfants, soignants, parents\u2026) et aux atteintes aux &hellip; Continuer la lecture de &laquo;&nbsp;Action&nbsp;&raquo;","_links":{"self":[{"href":"https:\/\/cptv.fr\/index.php\/wp-json\/wp\/v2\/pages\/56","targetHints":{"allow":["GET"]}}],"collection":[{"href":"https:\/\/cptv.fr\/index.php\/wp-json\/wp\/v2\/pages"}],"about":[{"href":"https:\/\/cptv.fr\/index.php\/wp-json\/wp\/v2\/types\/page"}],"author":[{"embeddable":true,"href":"https:\/\/cptv.fr\/index.php\/wp-json\/wp\/v2\/users\/1"}],"replies":[{"embeddable":true,"href":"https:\/\/cptv.fr\/index.php\/wp-json\/wp\/v2\/comments?post=56"}],"version-history":[{"count":14,"href":"https:\/\/cptv.fr\/index.php\/wp-json\/wp\/v2\/pages\/56\/revisions"}],"predecessor-version":[{"id":544,"href":"https:\/\/cptv.fr\/index.php\/wp-json\/wp\/v2\/pages\/56\/revisions\/544"}],"wp:attachment":[{"href":"https:\/\/cptv.fr\/index.php\/wp-json\/wp\/v2\/media?parent=56"}],"curies":[{"name":"wp","href":"https:\/\/api.w.org\/{rel}","templated":true}]}}