{"id":73,"date":"2025-11-16T17:31:55","date_gmt":"2025-11-16T16:31:55","guid":{"rendered":"https:\/\/cptv.fr\/?page_id=73"},"modified":"2026-05-11T13:21:52","modified_gmt":"2026-05-11T11:21:52","slug":"communication","status":"publish","type":"page","link":"https:\/\/cptv.fr\/index.php\/communication\/","title":{"rendered":"Communication"},"content":{"rendered":"\n<figure class=\"wp-block-image size-full is-resized\"><img loading=\"lazy\" decoding=\"async\" width=\"1000\" height=\"1000\" src=\"https:\/\/cptv.fr\/wp-content\/uploads\/2025\/11\/COM.jpg\" alt=\"\" class=\"wp-image-74\" style=\"width:375px;height:375px\" srcset=\"https:\/\/cptv.fr\/wp-content\/uploads\/2025\/11\/COM.jpg 1000w, https:\/\/cptv.fr\/wp-content\/uploads\/2025\/11\/COM-300x300.jpg 300w, https:\/\/cptv.fr\/wp-content\/uploads\/2025\/11\/COM-150x150.jpg 150w, https:\/\/cptv.fr\/wp-content\/uploads\/2025\/11\/COM-768x768.jpg 768w\" sizes=\"auto, (max-width: 706px) 89vw, (max-width: 767px) 82vw, 740px\" \/><\/figure>\n\n\n\n<p>fournir les supports de communication,<br>g\u00e9rer les pages web et newsletters,<br>animer T\u00e9l\u00e9gram: agenda, \u00e9v\u00e8nement, vie du collectif.<\/p>\n","protected":false},"excerpt":{"rendered":"<p>fournir les supports de communication,g\u00e9rer les pages web et newsletters,animer T\u00e9l\u00e9gram: agenda, \u00e9v\u00e8nement, vie du collectif.<\/p>\n","protected":false},"author":1,"featured_media":0,"parent":0,"menu_order":0,"comment_status":"closed","ping_status":"closed","template":"","meta":{"_uag_custom_page_level_css":"","footnotes":""},"class_list":["post-73","page","type-page","status-publish","hentry"],"uagb_featured_image_src":{"full":false,"thumbnail":false,"medium":false,"medium_large":false,"large":false,"1536x1536":false,"2048x2048":false,"twentyseventeen-featured-image":false,"twentyseventeen-thumbnail-avatar":false},"uagb_author_info":{"display_name":"Alex","author_link":"https:\/\/cptv.fr\/index.php\/author\/alex\/"},"uagb_comment_info":0,"uagb_excerpt":"fournir les supports de communication,g\u00e9rer les pages web et newsletters,animer T\u00e9l\u00e9gram: agenda, \u00e9v\u00e8nement, vie du collectif.","_links":{"self":[{"href":"https:\/\/cptv.fr\/index.php\/wp-json\/wp\/v2\/pages\/73","targetHints":{"allow":["GET"]}}],"collection":[{"href":"https:\/\/cptv.fr\/index.php\/wp-json\/wp\/v2\/pages"}],"about":[{"href":"https:\/\/cptv.fr\/index.php\/wp-json\/wp\/v2\/types\/page"}],"author":[{"embeddable":true,"href":"https:\/\/cptv.fr\/index.php\/wp-json\/wp\/v2\/users\/1"}],"replies":[{"embeddable":true,"href":"https:\/\/cptv.fr\/index.php\/wp-json\/wp\/v2\/comments?post=73"}],"version-history":[{"count":7,"href":"https:\/\/cptv.fr\/index.php\/wp-json\/wp\/v2\/pages\/73\/revisions"}],"predecessor-version":[{"id":513,"href":"https:\/\/cptv.fr\/index.php\/wp-json\/wp\/v2\/pages\/73\/revisions\/513"}],"wp:attachment":[{"href":"https:\/\/cptv.fr\/index.php\/wp-json\/wp\/v2\/media?parent=73"}],"curies":[{"name":"wp","href":"https:\/\/api.w.org\/{rel}","templated":true}]}}