{"id":91,"date":"2025-11-16T17:49:56","date_gmt":"2025-11-16T16:49:56","guid":{"rendered":"https:\/\/cptv.fr\/?page_id=91"},"modified":"2026-05-11T13:25:34","modified_gmt":"2026-05-11T11:25:34","slug":"june-la-monnaie-libre","status":"publish","type":"page","link":"https:\/\/cptv.fr\/index.php\/june-la-monnaie-libre\/","title":{"rendered":"June la monnaie libre"},"content":{"rendered":"\n<figure class=\"wp-block-image size-full is-resized\"><img loading=\"lazy\" decoding=\"async\" width=\"1000\" height=\"522\" src=\"https:\/\/cptv.fr\/wp-content\/uploads\/2025\/11\/remettre.jpg\" alt=\"\" class=\"wp-image-92\" style=\"width:456px;height:238px\" srcset=\"https:\/\/cptv.fr\/wp-content\/uploads\/2025\/11\/remettre.jpg 1000w, https:\/\/cptv.fr\/wp-content\/uploads\/2025\/11\/remettre-300x157.jpg 300w, https:\/\/cptv.fr\/wp-content\/uploads\/2025\/11\/remettre-768x401.jpg 768w\" sizes=\"auto, (max-width: 706px) 89vw, (max-width: 767px) 82vw, 740px\" \/><\/figure>\n\n\n\n<p>La monnaie libre<br>Une autre cr\u00e9ation mon\u00e9taire\u2026&nbsp; \u00e0 exp\u00e9rimenter !<br>La monnaie libre rend possible un mod\u00e8le \u00e9conomique plus juste et durable, mod\u00e8le \u00e0 concevoir et mettre en oeuvre.<br>La monnaie libre ne privil\u00e9gie personne, ni g\u00e9ographiquement, ni d\u2019une g\u00e9n\u00e9ration \u00e0 une autre : chaque personne cr\u00e9e sa part \u00e9gale relative de monnaie, chaque jour.<br>La June est une exp\u00e9rience en cours, accessible \u00e0 tout le monde, sans autre condition que de la choisir.<br><a href=\"https:\/\/monnaie-libre.fr\/\">https:\/\/monnaie-libre.fr\/<\/a><br>&nbsp;Le groupe June du collectif pour tous organise diff\u00e9rentes manifestations&nbsp;&nbsp;autour de la monnaie libre<br>Des Gmarch\u00e9s<br><a href=\"https:\/\/cptv.fr\/index.php\/epicerie-100-june\/\">Une \u00e9picerie 100% June&nbsp;<\/a><br>Des ateliers<br><a rel=\"noreferrer noopener\" href=\"https:\/\/odysee.com\/pr%C3%A9sentation-june:0\" target=\"_blank\">Des conf\u00e9rences<\/a><\/p>\n","protected":false},"excerpt":{"rendered":"<p>La monnaie libreUne autre cr\u00e9ation mon\u00e9taire\u2026&nbsp; \u00e0 exp\u00e9rimenter !La monnaie libre rend possible un mod\u00e8le \u00e9conomique plus juste et durable, mod\u00e8le \u00e0 concevoir et mettre en oeuvre.La monnaie libre ne &hellip; <\/p>\n<p class=\"link-more\"><a href=\"https:\/\/cptv.fr\/index.php\/june-la-monnaie-libre\/\" class=\"more-link\">Continuer la lecture<span class=\"screen-reader-text\"> de &laquo;&nbsp;June la monnaie libre&nbsp;&raquo;<\/span><\/a><\/p>\n","protected":false},"author":1,"featured_media":0,"parent":0,"menu_order":0,"comment_status":"closed","ping_status":"closed","template":"","meta":{"_uag_custom_page_level_css":"","footnotes":""},"class_list":["post-91","page","type-page","status-publish","hentry"],"uagb_featured_image_src":{"full":false,"thumbnail":false,"medium":false,"medium_large":false,"large":false,"1536x1536":false,"2048x2048":false,"twentyseventeen-featured-image":false,"twentyseventeen-thumbnail-avatar":false},"uagb_author_info":{"display_name":"Alex","author_link":"https:\/\/cptv.fr\/index.php\/author\/alex\/"},"uagb_comment_info":0,"uagb_excerpt":"La monnaie libreUne autre cr\u00e9ation mon\u00e9taire\u2026&nbsp; \u00e0 exp\u00e9rimenter !La monnaie libre rend possible un mod\u00e8le \u00e9conomique plus juste et durable, mod\u00e8le \u00e0 concevoir et mettre en oeuvre.La monnaie libre ne &hellip; Continuer la lecture de &laquo;&nbsp;June la monnaie libre&nbsp;&raquo;","_links":{"self":[{"href":"https:\/\/cptv.fr\/index.php\/wp-json\/wp\/v2\/pages\/91","targetHints":{"allow":["GET"]}}],"collection":[{"href":"https:\/\/cptv.fr\/index.php\/wp-json\/wp\/v2\/pages"}],"about":[{"href":"https:\/\/cptv.fr\/index.php\/wp-json\/wp\/v2\/types\/page"}],"author":[{"embeddable":true,"href":"https:\/\/cptv.fr\/index.php\/wp-json\/wp\/v2\/users\/1"}],"replies":[{"embeddable":true,"href":"https:\/\/cptv.fr\/index.php\/wp-json\/wp\/v2\/comments?post=91"}],"version-history":[{"count":5,"href":"https:\/\/cptv.fr\/index.php\/wp-json\/wp\/v2\/pages\/91\/revisions"}],"predecessor-version":[{"id":518,"href":"https:\/\/cptv.fr\/index.php\/wp-json\/wp\/v2\/pages\/91\/revisions\/518"}],"wp:attachment":[{"href":"https:\/\/cptv.fr\/index.php\/wp-json\/wp\/v2\/media?parent=91"}],"curies":[{"name":"wp","href":"https:\/\/api.w.org\/{rel}","templated":true}]}}