{"id":94,"date":"2025-11-16T17:58:38","date_gmt":"2025-11-16T16:58:38","guid":{"rendered":"https:\/\/cptv.fr\/?page_id=94"},"modified":"2026-05-11T13:23:40","modified_gmt":"2026-05-11T11:23:40","slug":"epicerie-100-june","status":"publish","type":"page","link":"https:\/\/cptv.fr\/index.php\/epicerie-100-june\/","title":{"rendered":"Epicerie 100% June"},"content":{"rendered":"\n<figure class=\"wp-block-image size-full is-resized\"><img loading=\"lazy\" decoding=\"async\" width=\"711\" height=\"425\" src=\"https:\/\/cptv.fr\/wp-content\/uploads\/2025\/11\/logokaba3-fotor-20251116175716.jpg\" alt=\"\" class=\"wp-image-95\" style=\"width:412px;height:246px\" srcset=\"https:\/\/cptv.fr\/wp-content\/uploads\/2025\/11\/logokaba3-fotor-20251116175716.jpg 711w, https:\/\/cptv.fr\/wp-content\/uploads\/2025\/11\/logokaba3-fotor-20251116175716-300x179.jpg 300w\" sizes=\"auto, (max-width: 711px) 100vw, 711px\" \/><\/figure>\n\n\n\n<p>Nous avons le plaisir de vous annoncer l\u2019ouverture d\u2019une \u00e9picerie 100% June autour de Voiron.<br>Ce projet repose sur un principe fondamental: chacun doit&nbsp;apporter&nbsp;autant&nbsp;que ce&nbsp;qu\u2019il consomme ; nous ne d\u00e9pensons que ce que nous y avons gagn\u00e9, favorisant ainsi un cercle vertueux d\u2019\u00e9changes \u00e9quitables.<br>Les produits propos\u00e9s dans l\u2019\u00e9picerie comprennent exclusivement des consommables,&nbsp;(majoritairement du \u00ab fait maison \u00bb)&nbsp;tels que des aliments frais ou en conserve, qu\u2019ils soient cuisin\u00e9s ou crus, ainsi que des l\u00e9gumes, fruits, aliments secs, produits m\u00e9nagers, articles de bien-\u00eatre et d\u2019hygi\u00e8ne, ainsi que des plants et semences.<br>L\u2019acc\u00e8s \u00e0 l\u2019\u00e9picerie se fera sur inscription pr\u00e9alable, avec la signature d\u2019une charte et l\u2019ouverture d\u2019un compte June portefeuille d\u00e9di\u00e9. Pour le moment, elle sera ouverte une fois par mois, au d\u00e9part, \u00e0 tour de r\u00f4le chez les membre volontaires<br>Nous serions ravis de d\u00e9couvrir vos&nbsp;propositions&nbsp;de produits pour&nbsp;l\u2019\u00e9picerie.<br>&nbsp;Pr\u00eat pour une aventure passionnante ? Contactez-nous d\u00e8s maintenant !<\/p>\n\n\n\n<p><strong>Ifos:<\/strong> <a href=\"https:\/\/g1epicerie.fr\/\">https:\/\/g1epicerie.fr<\/a><\/p>\n\n\n\n<p><\/p>\n","protected":false},"excerpt":{"rendered":"<p>Nous avons le plaisir de vous annoncer l\u2019ouverture d\u2019une \u00e9picerie 100% June autour de Voiron.Ce projet repose sur un principe fondamental: chacun doit&nbsp;apporter&nbsp;autant&nbsp;que ce&nbsp;qu\u2019il consomme ; nous ne d\u00e9pensons que &hellip; <\/p>\n<p class=\"link-more\"><a href=\"https:\/\/cptv.fr\/index.php\/epicerie-100-june\/\" class=\"more-link\">Continuer la lecture<span class=\"screen-reader-text\"> de &laquo;&nbsp;Epicerie 100% June&nbsp;&raquo;<\/span><\/a><\/p>\n","protected":false},"author":1,"featured_media":0,"parent":0,"menu_order":0,"comment_status":"closed","ping_status":"closed","template":"","meta":{"_uag_custom_page_level_css":"","footnotes":""},"class_list":["post-94","page","type-page","status-publish","hentry"],"uagb_featured_image_src":{"full":false,"thumbnail":false,"medium":false,"medium_large":false,"large":false,"1536x1536":false,"2048x2048":false,"twentyseventeen-featured-image":false,"twentyseventeen-thumbnail-avatar":false},"uagb_author_info":{"display_name":"Alex","author_link":"https:\/\/cptv.fr\/index.php\/author\/alex\/"},"uagb_comment_info":0,"uagb_excerpt":"Nous avons le plaisir de vous annoncer l\u2019ouverture d\u2019une \u00e9picerie 100% June autour de Voiron.Ce projet repose sur un principe fondamental: chacun doit&nbsp;apporter&nbsp;autant&nbsp;que ce&nbsp;qu\u2019il consomme ; nous ne d\u00e9pensons que &hellip; Continuer la lecture de &laquo;&nbsp;Epicerie 100% June&nbsp;&raquo;","_links":{"self":[{"href":"https:\/\/cptv.fr\/index.php\/wp-json\/wp\/v2\/pages\/94","targetHints":{"allow":["GET"]}}],"collection":[{"href":"https:\/\/cptv.fr\/index.php\/wp-json\/wp\/v2\/pages"}],"about":[{"href":"https:\/\/cptv.fr\/index.php\/wp-json\/wp\/v2\/types\/page"}],"author":[{"embeddable":true,"href":"https:\/\/cptv.fr\/index.php\/wp-json\/wp\/v2\/users\/1"}],"replies":[{"embeddable":true,"href":"https:\/\/cptv.fr\/index.php\/wp-json\/wp\/v2\/comments?post=94"}],"version-history":[{"count":5,"href":"https:\/\/cptv.fr\/index.php\/wp-json\/wp\/v2\/pages\/94\/revisions"}],"predecessor-version":[{"id":515,"href":"https:\/\/cptv.fr\/index.php\/wp-json\/wp\/v2\/pages\/94\/revisions\/515"}],"wp:attachment":[{"href":"https:\/\/cptv.fr\/index.php\/wp-json\/wp\/v2\/media?parent=94"}],"curies":[{"name":"wp","href":"https:\/\/api.w.org\/{rel}","templated":true}]}}