{"id":97,"date":"2025-11-16T18:01:21","date_gmt":"2025-11-16T17:01:21","guid":{"rendered":"https:\/\/cptv.fr\/?page_id=97"},"modified":"2026-05-11T13:26:35","modified_gmt":"2026-05-11T11:26:35","slug":"libertucada","status":"publish","type":"page","link":"https:\/\/cptv.fr\/index.php\/libertucada\/","title":{"rendered":"Libertucada"},"content":{"rendered":"\n<figure class=\"wp-block-image size-large is-resized\"><img loading=\"lazy\" decoding=\"async\" width=\"1024\" height=\"403\" src=\"https:\/\/cptv.fr\/wp-content\/uploads\/2025\/11\/LOGO-libertucada-1024x403.jpg\" alt=\"\" class=\"wp-image-98\" style=\"width:492px;height:194px\" srcset=\"https:\/\/cptv.fr\/wp-content\/uploads\/2025\/11\/LOGO-libertucada-1024x403.jpg 1024w, https:\/\/cptv.fr\/wp-content\/uploads\/2025\/11\/LOGO-libertucada-300x118.jpg 300w, https:\/\/cptv.fr\/wp-content\/uploads\/2025\/11\/LOGO-libertucada-768x302.jpg 768w, https:\/\/cptv.fr\/wp-content\/uploads\/2025\/11\/LOGO-libertucada.jpg 1040w\" sizes=\"auto, (max-width: 706px) 89vw, (max-width: 767px) 82vw, 740px\" \/><\/figure>\n\n\n\n<p>LIBERTUCADA a vu le jour d\u00e9but 2021.<br>Au moment o\u00f9 la musique et les rassemblements \u00e9taient interdits dans la rue, des voironnais se sont r\u00e9unis pour jouer ensemble. De r\u00e9p\u00e9titions en manifs, ils ont d\u00e9couvert et appris des rythmes de Batucada avec les agogo, les tambourims, les caixa, le chockalho, le repique du chef et les surdo. Ils ont fait vibrer les murs de Voiron et apport\u00e9 joie et \u00e9nergie \u00e0 chaque rassemblement.<br>Depuis sa cr\u00e9ation, Libertucada participe \u00e9galement \u00e0 diff\u00e9rents \u00e9v\u00e8nements festifs, la foire de la St Martin, des carnavals, des f\u00eates de quartier, des manifestations sportives, le Voiron Jazz Festival\u2026<br>Adresse de contact, celle-ci : libertucada@proton.me<br>Question actualit\u00e9s \/ agenda :<br>Participation aux f\u00eates de la Chartreuse \u00e0 Voiron le 17 mai,<br>Participation \u00e0 la biennale \u201cTous cr\u00e9ateurs\u201d \u00e0 Voiron le 6 juin,<br>Participation \u00e0 la f\u00eate de la musique \u00e0 St Laurent du Pont le 21 juin<br>Participation \u00e0 la f\u00eate de la musique \u00e0 Voiron \u2013 Podium Plan\u00e8te sant\u00e9 le 21 juin<br>Participation aux Mandrinades \u00e0 St Etienne de St Geoirs le 12 juillet<\/p>\n","protected":false},"excerpt":{"rendered":"<p>LIBERTUCADA a vu le jour d\u00e9but 2021.Au moment o\u00f9 la musique et les rassemblements \u00e9taient interdits dans la rue, des voironnais se sont r\u00e9unis pour jouer ensemble. De r\u00e9p\u00e9titions en &hellip; <\/p>\n<p class=\"link-more\"><a href=\"https:\/\/cptv.fr\/index.php\/libertucada\/\" class=\"more-link\">Continuer la lecture<span class=\"screen-reader-text\"> de &laquo;&nbsp;Libertucada&nbsp;&raquo;<\/span><\/a><\/p>\n","protected":false},"author":1,"featured_media":0,"parent":0,"menu_order":0,"comment_status":"closed","ping_status":"closed","template":"","meta":{"_uag_custom_page_level_css":"","footnotes":""},"class_list":["post-97","page","type-page","status-publish","hentry"],"uagb_featured_image_src":{"full":false,"thumbnail":false,"medium":false,"medium_large":false,"large":false,"1536x1536":false,"2048x2048":false,"twentyseventeen-featured-image":false,"twentyseventeen-thumbnail-avatar":false},"uagb_author_info":{"display_name":"Alex","author_link":"https:\/\/cptv.fr\/index.php\/author\/alex\/"},"uagb_comment_info":0,"uagb_excerpt":"LIBERTUCADA a vu le jour d\u00e9but 2021.Au moment o\u00f9 la musique et les rassemblements \u00e9taient interdits dans la rue, des voironnais se sont r\u00e9unis pour jouer ensemble. De r\u00e9p\u00e9titions en &hellip; Continuer la lecture de &laquo;&nbsp;Libertucada&nbsp;&raquo;","_links":{"self":[{"href":"https:\/\/cptv.fr\/index.php\/wp-json\/wp\/v2\/pages\/97","targetHints":{"allow":["GET"]}}],"collection":[{"href":"https:\/\/cptv.fr\/index.php\/wp-json\/wp\/v2\/pages"}],"about":[{"href":"https:\/\/cptv.fr\/index.php\/wp-json\/wp\/v2\/types\/page"}],"author":[{"embeddable":true,"href":"https:\/\/cptv.fr\/index.php\/wp-json\/wp\/v2\/users\/1"}],"replies":[{"embeddable":true,"href":"https:\/\/cptv.fr\/index.php\/wp-json\/wp\/v2\/comments?post=97"}],"version-history":[{"count":3,"href":"https:\/\/cptv.fr\/index.php\/wp-json\/wp\/v2\/pages\/97\/revisions"}],"predecessor-version":[{"id":520,"href":"https:\/\/cptv.fr\/index.php\/wp-json\/wp\/v2\/pages\/97\/revisions\/520"}],"wp:attachment":[{"href":"https:\/\/cptv.fr\/index.php\/wp-json\/wp\/v2\/media?parent=97"}],"curies":[{"name":"wp","href":"https:\/\/api.w.org\/{rel}","templated":true}]}}